{"id":1284,"date":"2020-01-02T13:02:09","date_gmt":"2020-01-02T13:02:09","guid":{"rendered":"http:\/\/aiki-jitsu.hu\/aiki-jitsu\/uj\/?page_id=1284"},"modified":"2022-08-24T12:10:57","modified_gmt":"2022-08-24T12:10:57","slug":"a-dojo","status":"publish","type":"page","link":"http:\/\/aiki-jitsu.hu\/aiki-jitsu\/a-dojo\/","title":{"rendered":"A Dojo"},"content":{"rendered":"\n<h4 class=\"wp-block-heading\">A Dojo tanterem<\/h4>\n\n\n\n<p>Olyan tanterem, ahol megtanulod saj\u00e1t magadat k\u00edv\u00fclr\u0151l is megvizsg\u00e1lni, ahol a sensei ut\u00e1n saj\u00e1t magad legnagyobb kritikusa lehetsz. Megismered a saj\u00e1t testedet, izmaidat, \u00edz\u00fcleteidet,azok m\u0171k\u00f6d\u00e9s\u00e9t, frissen, \u00e9ppen tart\u00e1s\u00e1nak m\u00f3dj\u00e1t.<\/p>\n\n\n\n<p>Megtanulod becs\u00fclni, tisztelni az \u00e9letet, ellenfeleid eg\u00e9szs\u00e9g\u00e9t. \u00d6l\u00e9s helyett sebes\u00edtesz, v\u00e9rf\u00fcrd\u0151 helyett megf\u00e9kezel, mert megtanultad, hogy az \u00e9let dr\u00e1ga, a test s\u00e9r\u00fcl\u00e9keny, a tudatlan gy\u0171l\u00f6let is egyszer elm\u00falik \u00e9s csak a pusztas\u00e1got hagyja maga ut\u00e1n, ha nincs, aki (ami) megf\u00e9kezni.<\/p>\n\n\n\n<p>A Dojo minden tagja \u00e1lland\u00f3an fejl\u0151dik, vagy el\u0151re, vagy vissza. Aki dolgozik, az el\u0151re halad, aki nem, vagy f\u00e9lv\u00e1llr\u00f3l veszi a munk\u00e1t, az vissza.<\/p>\n\n\n\n<h4 class=\"wp-block-heading\">A Dojo tagjai<\/h4>\n\n\n\n<p>A Dojo tagjai nem ellens\u00e9gek, nem ellenfelek. Az\u00e9rt j\u00f6nnek le, ami\u00e9rt te is. Tanulni, fejl\u0151dni, izzadni, izmosodni, a Jap\u00e1n t\u00f6rt\u00e9nelem \u00e9s harcm\u0171v\u00e9szetek ismer\u0151j\u00e9v\u00e9, tud\u00f3j\u00e1v\u00e1 v\u00e1lni. Olyat tanulhatsz szisztematikus munk\u00e1val, ami m\u00e1snak csak az \u00e1lmaiban jelenhet meg mint var\u00e1zslat, misztikum.<\/p>\n\n\n\n<p>Aki lent van, annak k\u00f6sz\u00f6nettel tartozol, mert a vele val\u00f3 gyakorl\u00e1ssal, k\u00fczdelemmel v\u00e1lhatsz jobb\u00e1, er\u0151sebb\u00e9, tapasztaltabb\u00e1. Az \u0151 tud\u00e1suk a Te fejl\u0151d\u00e9sedet seg\u00edtik a k\u00f6z\u00f6s gyakorl\u00e1sok alkalm\u00e1val.<\/p>\n\n\n\n<p>A Dojo tagjai csal\u00e1dtagok. Mindenki a m\u00e1sik testv\u00e9re, melyet a k\u00f6z\u00f6s c\u00e9l, a k\u00f6z\u00f6s izzad\u00e1s, a k\u00f6z\u00f6s tr\u00e9f\u00e1k, egym\u00e1s probl\u00e9m\u00e1inak k\u00f6z\u00f6s megold\u00e1sa tesz egy csal\u00e1dd\u00e1. Ismeritek a m\u00e1sik gondolatait, \u00e9rz\u00e9seit, v\u00e1gyait, teh\u00e1t minden olyan dolgot, amely \u00f6r\u00f6kre \u00f6sszef\u0171z minden csal\u00e1dot. Ha lehet\u0151s\u00e9ged volna ezeknek az \u00e9lm\u00e9nyeknek a meg\u00e9l\u00e9s\u00e9re, de te megel\u00e9gszel csak a felsz\u00edn kapargat\u00e1s\u00e1val, p\u00e1r \u00fct\u00e9s elsaj\u00e1t\u00edt\u00e1s\u00e1val, magadt\u00f3l veszed el a lehet\u0151s\u00e9get, hogy jobb, \u0151szint\u00e9bb emberr\u00e9 v\u00e1lj. Olyan, mintha az eg\u00e9sz alma helyett csak a h\u00e9j\u00e1t enn\u00e9d meg.<\/p>\n\n\n\n<h4 class=\"wp-block-heading\">A Dojo lelke<\/h4>\n\n\n\n<p>A sensei a Dojo lelke, az \u0150s\u00f6k tud\u00e1s\u00e1nak a let\u00e9tem\u00e9nyese. A Dojo tagjainak a tan\u00edt\u00e1s\u00e1ban a senseinek kell a legk\u00e9pzettebbnek lenni. A Dojon bel\u00fcl nem dics\u0151s\u00e9ge, hanem felel\u0151ss\u00e9ge van. Ismernie kell minden tan\u00edtv\u00e1ny\u00e1t, mert \u0150k a kez\u00e9be teszik a testi \u00e9s lelki fejl\u0151d\u00e9s\u00fcket. Tudnia kell, hogy mikor, kinek \u00e9s mit tan\u00edt, kit tesz alkalmass\u00e1 a testi \u00e9s lelki felk\u00e9sz\u00fclts\u00e9ge egy adott anyag elsaj\u00e1t\u00edt\u00e1s\u00e1ra \u00e9s annak megfelel\u0151 helyen val\u00f3 kezel\u00e9s\u00e9re. A j\u00f3 sensei jobban ismer, mint Te saj\u00e1t magadat, h\u00e1t sohase k\u00e9telkedj benne.<\/p>\n\n\n\n<p>A sensei c\u00edm semmit sem \u00e9r t\u00e9nyleges tud\u00e1s n\u00e9lk\u00fcl, vagy tan\u00edt\u00e1s helyett a hatalmaskod\u00e1s meg\u00f6li a Budo-t. A sensei c\u00edm nem j\u00e1r automatikus tisztelettel. Az vagy kialakul mag\u00e1t\u00f3l, vagy a sensei m\u00e9g nem el\u00e9g felk\u00e9sz\u00fclt feladata ell\u00e1t\u00e1s\u00e1ra, a tan\u00edt\u00e1sra. Van, aki eg\u00e9sz \u00e9let\u00e9ben \u00e1h\u00edtja, de sohasem \u00e9ri el. A sensei a Dojo tagjaival egy\u00fctt tanul, dolgozik, fejl\u0151dik, ellenkez\u0151 esetben visszafejl\u0151dik, felejt \u00e9s a mestere \u00e1ltal r\u00e1 sz\u00e1nt \u00e9vek hi\u00e1baval\u00f3k voltak.<\/p>\n\n\n\n<h4 class=\"wp-block-heading\">Csal\u00e1dtagg\u00e1 v\u00e1lni<\/h4>\n\n\n\n<p>Csal\u00e1dtagg\u00e1 v\u00e1lni csak egy d\u00f6nt\u00e9s k\u00e9rd\u00e9se. A sensei minden \u00faj tagot \u00f6r\u00f6mmel fogad, mert minden \u00faj csal\u00e1dtag egy \u00faj r\u00fcgy a csal\u00e1df\u00e1n. \u00c9s hogy a r\u00fcgy kihajt e, azt csak a r\u00fcgy \u00e9letreval\u00f3s\u00e1ga fogja eld\u00f6nteni.<\/p>\n\n\n\n<h4 class=\"wp-block-heading\">Csal\u00e1dtagnak maradni<\/h4>\n\n\n\n<p>Ez a legnehezebb feladata minden csal\u00e1dtagnak \u00e9s mindig is az volt. A k\u00f6z\u00e9pkorban a szamur\u00e1jok az \u00e9let\u00fcket adt\u00e1k \u00e9s ez jelentette a legnagyobb tisztess\u00e9get sz\u00e1mukra. Manaps\u00e1g a Dojonak vannak \u00edrott \u00e9s \u00edratlan szab\u00e1lyai, amit be kell tartani, hogy mindenki \u00fagy mehessen oda, mintha otthon lenne \u00e9s azt a biztons\u00e1got is jelentse tagjainak. A Dojo egy sziget az \u00e9let tenger\u00e9ben, melyhez a csal\u00e1dtagok hozz\u00e1tesznek, \u00e9s azzal n\u00f6velik ter\u00fclet\u00e9t, \u00e9s amelyb\u0151l a k\u00fclvil\u00e1g \u201ctengere\u201d mindig elvesz, elmos egy darabot. Minden csal\u00e1dtag elveszt\u00e9se a sziget egy darabj\u00e1t szak\u00edtja ki \u00e9s minden \u00faj csal\u00e1dtag befogad\u00e1sa \u00faj ter\u00fcleteket jelent.<\/p>\n\n\n\n<p>A Dojo meg\u0151rizhet\u0151 a maga teljess\u00e9g\u00e9ben, ha tagjai komolyan gondolj\u00e1k, hogy a tagjai \u00e9s m\u00e9g komolyabban veszik a feladataikat, k\u00f6telezetts\u00e9geiket. R\u00e9szt venni a Dojo \u00e9let\u00e9ben. Mindenben. Akkor, amikorra meg van besz\u00e9lve, ami meg van besz\u00e9lve, ha \u00f6tlete van felvetni, ha lehet\u0151s\u00e9ge van tenni a Dojo-\u00e9rt, \u00e9lni vele. Ott lenni, amikor a sensei k\u00e9ri, hogy a sensei \u00e9s a Dojo is ott lehessen, amikor neked sz\u00fcks\u00e9ged van r\u00e1.<\/p>\n\n\n\n<p>Ha az itt le\u00edrtakat k\u00e9pes vagy betartani akkor tudhat\u00f3, hogy fogunk m\u00e9g \u00e9vek m\u00falva is tal\u00e1lkozni \u00e9s nem csak a Dojoban, mert m\u00e9lt\u00e1n vagy jogosult a csal\u00e1dtag c\u00edmre. \u00c9s ki ne tudn\u00e1, hogy az ember a csal\u00e1dtagjainak az \u00e9let minden ter\u00fclet\u00e9n seg\u00edt!<\/p>\n\n\n\n<p>forr\u00e1s: Shihan Ziegler Csaba<\/p>\n\n\n\n<p>2013<\/p>\n","protected":false},"excerpt":{"rendered":"<p>A Dojo tanterem Olyan tanterem, ahol megtanulod saj\u00e1t magadat k\u00edv\u00fclr\u0151l is megvizsg\u00e1lni, ahol a sensei ut\u00e1n saj\u00e1t magad legnagyobb kritikusa<\/p>\n","protected":false},"author":1,"featured_media":0,"parent":0,"menu_order":0,"comment_status":"closed","ping_status":"closed","template":"","meta":{"colormag_page_container_layout":"default_layout","colormag_page_sidebar_layout":"default_layout","footnotes":""},"class_list":["post-1284","page","type-page","status-publish","hentry"],"_links":{"self":[{"href":"http:\/\/aiki-jitsu.hu\/aiki-jitsu\/wp-json\/wp\/v2\/pages\/1284","targetHints":{"allow":["GET"]}}],"collection":[{"href":"http:\/\/aiki-jitsu.hu\/aiki-jitsu\/wp-json\/wp\/v2\/pages"}],"about":[{"href":"http:\/\/aiki-jitsu.hu\/aiki-jitsu\/wp-json\/wp\/v2\/types\/page"}],"author":[{"embeddable":true,"href":"http:\/\/aiki-jitsu.hu\/aiki-jitsu\/wp-json\/wp\/v2\/users\/1"}],"replies":[{"embeddable":true,"href":"http:\/\/aiki-jitsu.hu\/aiki-jitsu\/wp-json\/wp\/v2\/comments?post=1284"}],"version-history":[{"count":6,"href":"http:\/\/aiki-jitsu.hu\/aiki-jitsu\/wp-json\/wp\/v2\/pages\/1284\/revisions"}],"predecessor-version":[{"id":1778,"href":"http:\/\/aiki-jitsu.hu\/aiki-jitsu\/wp-json\/wp\/v2\/pages\/1284\/revisions\/1778"}],"wp:attachment":[{"href":"http:\/\/aiki-jitsu.hu\/aiki-jitsu\/wp-json\/wp\/v2\/media?parent=1284"}],"curies":[{"name":"wp","href":"https:\/\/api.w.org\/{rel}","templated":true}]}}